{"id":93857,"date":"2025-07-02T22:08:36","date_gmt":"2025-07-02T15:08:36","guid":{"rendered":"https:\/\/impress.vn\/?post_type=product&#038;p=93857"},"modified":"2025-12-20T10:10:27","modified_gmt":"2025-12-20T03:10:27","slug":"ncr-6622-may-atm-s1-may-phan-phoi-phu-kien-ung-dung","status":"publish","type":"product","link":"https:\/\/impress.vn\/en\/product\/ncr-6622-may-atm-s1-may-phan-phoi-phu-kien-ung-dung\/","title":{"rendered":"NCR 6622 M\u00e1y ATM S1 M\u00e1y ph\u00e2n ph\u1ed1i Ph\u1ee5 ki\u1ec7n \u1ee8ng d\u1ee5ng"},"content":{"rendered":"<h1>NCR 6622 M\u00e1y ATM S1 M\u00e1y ph\u00e2n ph\u1ed1i Ph\u1ee5 ki\u1ec7n \u1ee8ng d\u1ee5ng<\/h1>\n<h1>NCR 6622 ATM Machine S1 Dispenser Accessory Presenter Springs<\/h1>\n<div class=\"cont\">\n<div class=\"s_pt_box\">\n<div class=\"Previous_box\">\n<table border=\"1\" width=\"680\" cellspacing=\"0\" cellpadding=\"0\">\n<tbody>\n<tr>\n<td colspan=\"1\" rowspan=\"1\">Brand<\/td>\n<td colspan=\"1\" rowspan=\"1\">NCR<\/td>\n<\/tr>\n<tr>\n<td colspan=\"1\" rowspan=\"1\">\u00a0P\/N<\/td>\n<td colspan=\"1\" rowspan=\"1\">\/<\/td>\n<\/tr>\n<tr>\n<td colspan=\"1\" rowspan=\"1\">Description<\/td>\n<td colspan=\"1\" rowspan=\"1\">M\u00e1y ATM m\u1edbi g\u1ed1c NCR 6622 M\u00e1y S1 M\u00e1y ph\u00e2n ph\u1ed1i Ph\u1ee5 ki\u1ec7n \u1ee8ng d\u1ee5ng<\/td>\n<\/tr>\n<tr>\n<td colspan=\"1\" rowspan=\"1\">Usage<\/td>\n<td colspan=\"1\" rowspan=\"1\">NCR ATM Machine<\/td>\n<\/tr>\n<tr>\n<td colspan=\"1\" rowspan=\"1\">Inventory<\/td>\n<td colspan=\"1\" rowspan=\"1\">Large quantity in stock<\/td>\n<\/tr>\n<\/tbody>\n<\/table>\n<\/div>\n<\/div>\n<\/div>\n<p>&nbsp;<\/p>","protected":false},"excerpt":{"rendered":"<div class=\"cont\">\n<div class=\"s_pt_box\">\n<div class=\"Previous_box\">\n<table border=\"1\" width=\"680\" cellspacing=\"0\" cellpadding=\"0\">\n<tbody>\n<tr>\n<td colspan=\"1\" rowspan=\"1\">Brand<\/td>\n<td colspan=\"1\" rowspan=\"1\">NCR<\/td>\n<\/tr>\n<tr>\n<td colspan=\"1\" rowspan=\"1\">\u00a0P\/N<\/td>\n<td colspan=\"1\" rowspan=\"1\">\/<\/td>\n<\/tr>\n<tr>\n<td colspan=\"1\" rowspan=\"1\">Description<\/td>\n<td colspan=\"1\" rowspan=\"1\">M\u00e1y ATM m\u1edbi g\u1ed1c NCR 6622 M\u00e1y S1 M\u00e1y ph\u00e2n ph\u1ed1i Ph\u1ee5 ki\u1ec7n \u1ee8ng d\u1ee5ng<\/td>\n<\/tr>\n<tr>\n<td colspan=\"1\" rowspan=\"1\">Usage<\/td>\n<td colspan=\"1\" rowspan=\"1\">NCR ATM Machine<\/td>\n<\/tr>\n<tr>\n<td colspan=\"1\" rowspan=\"1\">Inventory<\/td>\n<td colspan=\"1\" rowspan=\"1\">Large quantity in stock<\/td>\n<\/tr>\n<\/tbody>\n<\/table>\n<\/div>\n<\/div>\n<\/div>\n<p>&nbsp;<\/p>","protected":false},"featured_media":94917,"template":"","meta":[],"product_brand":[],"product_cat":[391,392],"product_tag":[],"class_list":{"0":"post-93857","1":"product","2":"type-product","3":"status-publish","4":"has-post-thumbnail","6":"product_cat-linh-kien-atm","7":"product_cat-ncr-parts","9":"first","10":"instock","11":"taxable","12":"shipping-taxable","13":"product-type-simple"},"_links":{"self":[{"href":"https:\/\/impress.vn\/en\/wp-json\/wp\/v2\/product\/93857","targetHints":{"allow":["GET"]}}],"collection":[{"href":"https:\/\/impress.vn\/en\/wp-json\/wp\/v2\/product"}],"about":[{"href":"https:\/\/impress.vn\/en\/wp-json\/wp\/v2\/types\/product"}],"wp:featuredmedia":[{"embeddable":true,"href":"https:\/\/impress.vn\/en\/wp-json\/wp\/v2\/media\/94917"}],"wp:attachment":[{"href":"https:\/\/impress.vn\/en\/wp-json\/wp\/v2\/media?parent=93857"}],"wp:term":[{"taxonomy":"product_brand","embeddable":true,"href":"https:\/\/impress.vn\/en\/wp-json\/wp\/v2\/product_brand?post=93857"},{"taxonomy":"product_cat","embeddable":true,"href":"https:\/\/impress.vn\/en\/wp-json\/wp\/v2\/product_cat?post=93857"},{"taxonomy":"product_tag","embeddable":true,"href":"https:\/\/impress.vn\/en\/wp-json\/wp\/v2\/product_tag?post=93857"}],"curies":[{"name":"wp","href":"https:\/\/api.w.org\/{rel}","templated":true}]}}