{"id":93861,"date":"2025-07-02T22:15:25","date_gmt":"2025-07-02T15:15:25","guid":{"rendered":"https:\/\/impress.vn\/?post_type=product&#038;p=93861"},"modified":"2025-12-20T10:09:36","modified_gmt":"2025-12-20T03:09:36","slug":"may-atm-ncr-goc-s1-may-phan-phoi-bang-phu-kien-vong-tron-xanh","status":"publish","type":"product","link":"https:\/\/impress.vn\/en\/product\/may-atm-ncr-goc-s1-may-phan-phoi-bang-phu-kien-vong-tron-xanh\/","title":{"rendered":"M\u00e1y ATM NCR g\u1ed1c S1 M\u00e1y ph\u00e2n ph\u1ed1i B\u1ea3ng ph\u1ee5 ki\u1ec7n V\u00f2ng tr\u00f2n xanh"},"content":{"rendered":"<h1>M\u00e1y ATM NCR g\u1ed1c S1 M\u00e1y ph\u00e2n ph\u1ed1i B\u1ea3ng ph\u1ee5 ki\u1ec7n V\u00f2ng tr\u00f2n xanh<\/h1>\n<div class=\"cont\">\n<div class=\"s_pt_box\">\n<div class=\"Previous_box\">\n<h1>Original NCR ATM Machine S1 Dispenser Accessory Platform Green Round Wheel<\/h1>\n<div class=\"cont\">\n<div class=\"s_pt_box\">\n<div class=\"Previous_box\">\n<table border=\"1\" width=\"680\" cellspacing=\"0\" cellpadding=\"0\">\n<tbody>\n<tr>\n<td colspan=\"1\" rowspan=\"1\">Brand<\/td>\n<td colspan=\"1\" rowspan=\"1\">NCR<\/td>\n<\/tr>\n<tr>\n<td colspan=\"1\" rowspan=\"1\">\u00a0P\/N<\/td>\n<td colspan=\"1\" rowspan=\"1\">\/<\/td>\n<\/tr>\n<tr>\n<td colspan=\"1\" rowspan=\"1\">Description<\/td>\n<td colspan=\"1\" rowspan=\"1\">M\u00e1y ATM NCR g\u1ed1c m\u1edbi S1 M\u00e1y ph\u00e2n ph\u1ed1i ph\u1ee5 ki\u1ec7n NCR Platform Green Round Wheel<\/td>\n<\/tr>\n<tr>\n<td colspan=\"1\" rowspan=\"1\">Usage<\/td>\n<td colspan=\"1\" rowspan=\"1\">NCR ATM Machine<\/td>\n<\/tr>\n<tr>\n<td colspan=\"1\" rowspan=\"1\">Inventory<\/td>\n<td colspan=\"1\" rowspan=\"1\">Large quantity in stock<\/td>\n<\/tr>\n<\/tbody>\n<\/table>\n<\/div>\n<\/div>\n<\/div>\n<\/div>\n<\/div>\n<\/div>","protected":false},"excerpt":{"rendered":"<table border=\"1\" width=\"680\" cellspacing=\"0\" cellpadding=\"0\">\n<tbody>\n<tr>\n<td colspan=\"1\" rowspan=\"1\">Brand<\/td>\n<td colspan=\"1\" rowspan=\"1\">NCR<\/td>\n<\/tr>\n<tr>\n<td colspan=\"1\" rowspan=\"1\">\u00a0P\/N<\/td>\n<td colspan=\"1\" rowspan=\"1\">\/<\/td>\n<\/tr>\n<tr>\n<td colspan=\"1\" rowspan=\"1\">Description<\/td>\n<td colspan=\"1\" rowspan=\"1\">M\u00e1y ATM NCR g\u1ed1c m\u1edbi S1 M\u00e1y ph\u00e2n ph\u1ed1i ph\u1ee5 ki\u1ec7n NCR Platform Green Round Wheel<\/td>\n<\/tr>\n<tr>\n<td colspan=\"1\" rowspan=\"1\">Usage<\/td>\n<td colspan=\"1\" rowspan=\"1\">NCR ATM Machine<\/td>\n<\/tr>\n<tr>\n<td colspan=\"1\" rowspan=\"1\">Inventory<\/td>\n<td colspan=\"1\" rowspan=\"1\">Large quantity in stock<\/td>\n<\/tr>\n<\/tbody>\n<\/table>","protected":false},"featured_media":94990,"template":"","meta":[],"product_brand":[],"product_cat":[391,392],"product_tag":[],"class_list":{"0":"post-93861","1":"product","2":"type-product","3":"status-publish","4":"has-post-thumbnail","6":"product_cat-linh-kien-atm","7":"product_cat-ncr-parts","9":"first","10":"instock","11":"taxable","12":"shipping-taxable","13":"product-type-simple"},"_links":{"self":[{"href":"https:\/\/impress.vn\/en\/wp-json\/wp\/v2\/product\/93861","targetHints":{"allow":["GET"]}}],"collection":[{"href":"https:\/\/impress.vn\/en\/wp-json\/wp\/v2\/product"}],"about":[{"href":"https:\/\/impress.vn\/en\/wp-json\/wp\/v2\/types\/product"}],"wp:featuredmedia":[{"embeddable":true,"href":"https:\/\/impress.vn\/en\/wp-json\/wp\/v2\/media\/94990"}],"wp:attachment":[{"href":"https:\/\/impress.vn\/en\/wp-json\/wp\/v2\/media?parent=93861"}],"wp:term":[{"taxonomy":"product_brand","embeddable":true,"href":"https:\/\/impress.vn\/en\/wp-json\/wp\/v2\/product_brand?post=93861"},{"taxonomy":"product_cat","embeddable":true,"href":"https:\/\/impress.vn\/en\/wp-json\/wp\/v2\/product_cat?post=93861"},{"taxonomy":"product_tag","embeddable":true,"href":"https:\/\/impress.vn\/en\/wp-json\/wp\/v2\/product_tag?post=93861"}],"curies":[{"name":"wp","href":"https:\/\/api.w.org\/{rel}","templated":true}]}}