{"id":93893,"date":"2025-07-04T15:44:42","date_gmt":"2025-07-04T08:44:42","guid":{"rendered":"https:\/\/impress.vn\/?post_type=product&#038;p=93893"},"modified":"2025-12-20T09:59:17","modified_gmt":"2025-12-20T02:59:17","slug":"hop-ghi-chu-ncr-may-dieu-chinh-chieu-cao-mau-vang-4450586280-chat-luong-tot-nhat","status":"publish","type":"product","link":"https:\/\/impress.vn\/en\/product\/hop-ghi-chu-ncr-may-dieu-chinh-chieu-cao-mau-vang-4450586280-chat-luong-tot-nhat\/","title":{"rendered":"H\u1ed9p ghi ch\u00fa NCR M\u00e1y \u0111i\u1ec1u ch\u1ec9nh chi\u1ec1u cao m\u00e0u v\u00e0ng 4450586280 ch\u1ea5t l\u01b0\u1ee3ng t\u1ed1t nh\u1ea5t"},"content":{"rendered":"<h1>H\u1ed9p ghi ch\u00fa NCR M\u00e1y \u0111i\u1ec1u ch\u1ec9nh chi\u1ec1u cao m\u00e0u v\u00e0ng 4450586280 ch\u1ea5t l\u01b0\u1ee3ng t\u1ed1t nh\u1ea5t<\/h1>\n<h1>445-0586280 NCR Note Box Height Adjuster Yellow 4450586280 Best High quality<\/h1>\n<div class=\"cont\">\n<div class=\"s_pt_box\">\n<div class=\"Previous_box\">\n<table border=\"1\" width=\"680\" cellspacing=\"0\" cellpadding=\"0\">\n<tbody>\n<tr>\n<td colspan=\"1\" rowspan=\"1\">Brand<\/td>\n<td colspan=\"1\" rowspan=\"1\">NCR<\/td>\n<\/tr>\n<tr>\n<td colspan=\"1\" rowspan=\"1\">\u00a0P\/N<\/td>\n<td colspan=\"1\" rowspan=\"1\">4450586280445-0586280<\/td>\n<\/tr>\n<tr>\n<td colspan=\"1\" rowspan=\"1\">Description<\/td>\n<td colspan=\"1\" rowspan=\"1\">H\u1ed9p ghi ch\u00fa NCR M\u00e1y \u0111i\u1ec1u ch\u1ec9nh chi\u1ec1u cao m\u00e0u v\u00e0ng 4450586280 ch\u1ea5t l\u01b0\u1ee3ng t\u1ed1t nh\u1ea5t<\/td>\n<\/tr>\n<tr>\n<td colspan=\"1\" rowspan=\"1\">Usage<\/td>\n<td colspan=\"1\" rowspan=\"1\">NCR ATM Machine<\/td>\n<\/tr>\n<tr>\n<td colspan=\"1\" rowspan=\"1\">Inventory<\/td>\n<td colspan=\"1\" rowspan=\"1\">Large quantity in stock<\/td>\n<\/tr>\n<\/tbody>\n<\/table>\n<\/div>\n<\/div>\n<\/div>","protected":false},"excerpt":{"rendered":"<table border=\"1\" width=\"680\" cellspacing=\"0\" cellpadding=\"0\">\n<tbody>\n<tr>\n<td colspan=\"1\" rowspan=\"1\">Brand<\/td>\n<td colspan=\"1\" rowspan=\"1\">NCR<\/td>\n<\/tr>\n<tr>\n<td colspan=\"1\" rowspan=\"1\">\u00a0P\/N<\/td>\n<td colspan=\"1\" rowspan=\"1\">4450586280445-0586280<\/td>\n<\/tr>\n<tr>\n<td colspan=\"1\" rowspan=\"1\">Description<\/td>\n<td colspan=\"1\" rowspan=\"1\">H\u1ed9p ghi ch\u00fa NCR M\u00e1y \u0111i\u1ec1u ch\u1ec9nh chi\u1ec1u cao m\u00e0u v\u00e0ng 4450586280 ch\u1ea5t l\u01b0\u1ee3ng t\u1ed1t nh\u1ea5t<\/td>\n<\/tr>\n<tr>\n<td colspan=\"1\" rowspan=\"1\">Usage<\/td>\n<td colspan=\"1\" rowspan=\"1\">NCR ATM Machine<\/td>\n<\/tr>\n<tr>\n<td colspan=\"1\" rowspan=\"1\">Inventory<\/td>\n<td colspan=\"1\" rowspan=\"1\">Large quantity in stock<\/td>\n<\/tr>\n<\/tbody>\n<\/table>","protected":false},"featured_media":94774,"template":"","meta":[],"product_brand":[],"product_cat":[391,392],"product_tag":[],"class_list":{"0":"post-93893","1":"product","2":"type-product","3":"status-publish","4":"has-post-thumbnail","6":"product_cat-linh-kien-atm","7":"product_cat-ncr-parts","9":"first","10":"instock","11":"taxable","12":"shipping-taxable","13":"product-type-simple"},"_links":{"self":[{"href":"https:\/\/impress.vn\/en\/wp-json\/wp\/v2\/product\/93893","targetHints":{"allow":["GET"]}}],"collection":[{"href":"https:\/\/impress.vn\/en\/wp-json\/wp\/v2\/product"}],"about":[{"href":"https:\/\/impress.vn\/en\/wp-json\/wp\/v2\/types\/product"}],"wp:featuredmedia":[{"embeddable":true,"href":"https:\/\/impress.vn\/en\/wp-json\/wp\/v2\/media\/94774"}],"wp:attachment":[{"href":"https:\/\/impress.vn\/en\/wp-json\/wp\/v2\/media?parent=93893"}],"wp:term":[{"taxonomy":"product_brand","embeddable":true,"href":"https:\/\/impress.vn\/en\/wp-json\/wp\/v2\/product_brand?post=93893"},{"taxonomy":"product_cat","embeddable":true,"href":"https:\/\/impress.vn\/en\/wp-json\/wp\/v2\/product_cat?post=93893"},{"taxonomy":"product_tag","embeddable":true,"href":"https:\/\/impress.vn\/en\/wp-json\/wp\/v2\/product_tag?post=93893"}],"curies":[{"name":"wp","href":"https:\/\/api.w.org\/{rel}","templated":true}]}}