{"id":94020,"date":"2025-07-09T17:15:39","date_gmt":"2025-07-09T10:15:39","guid":{"rendered":"https:\/\/impress.vn\/?post_type=product&#038;p=94020"},"modified":"2025-12-25T10:39:44","modified_gmt":"2025-12-25T03:39:44","slug":"atm-phu-tung-diebold-5500-cca-chia-khoa-chuc-nang-49254749000a","status":"publish","type":"product","link":"https:\/\/impress.vn\/en\/product\/atm-phu-tung-diebold-5500-cca-chia-khoa-chuc-nang-49254749000a\/","title":{"rendered":"ATM ph\u1ee5 t\u00f9ng Diebold 5500 CCA Ch\u00eca kh\u00f3a ch\u1ee9c n\u0103ng 49254749000A"},"content":{"rendered":"<h1>ATM ph\u1ee5 t\u00f9ng Diebold 5500 CCA Ch\u00eca kh\u00f3a ch\u1ee9c n\u0103ng 49254749000A<\/h1>\n<div class=\"cont\">\n<div class=\"s_pt_box\">\n<div class=\"Previous_box\">\n<h2>ATM Part Diebold 5500 CCA Function Key 49254749000A<\/h2>\n<table border=\"1\" width=\"680\" cellspacing=\"0\" cellpadding=\"0\">\n<tbody>\n<tr>\n<td colspan=\"1\" rowspan=\"1\">Brand<\/td>\n<td colspan=\"1\" rowspan=\"1\">Diebold<\/td>\n<\/tr>\n<tr>\n<td colspan=\"1\" rowspan=\"1\">\u00a0P\/N<\/td>\n<td colspan=\"1\" rowspan=\"1\">49254749000A<\/td>\n<\/tr>\n<tr>\n<td colspan=\"1\" rowspan=\"1\">Description<\/td>\n<td colspan=\"1\" rowspan=\"1\">ATM Ph\u1ea7n Diebold 5500 CCA Ch\u00eca kh\u00f3a ch\u1ee9c n\u0103ng 49254749000A<\/td>\n<\/tr>\n<tr>\n<td colspan=\"1\" rowspan=\"1\">Usage<\/td>\n<td colspan=\"1\" rowspan=\"1\">ATM Machine<\/td>\n<\/tr>\n<tr>\n<td colspan=\"1\" rowspan=\"1\">Inventory<\/td>\n<td colspan=\"1\" rowspan=\"1\">Large quantity in stock<\/td>\n<\/tr>\n<\/tbody>\n<\/table>\n<\/div>\n<\/div>\n<\/div>","protected":false},"excerpt":{"rendered":"<table border=\"1\" width=\"680\" cellspacing=\"0\" cellpadding=\"0\">\n<tbody>\n<tr>\n<td colspan=\"1\" rowspan=\"1\">Brand<\/td>\n<td colspan=\"1\" rowspan=\"1\">Diebold<\/td>\n<\/tr>\n<tr>\n<td colspan=\"1\" rowspan=\"1\">\u00a0P\/N<\/td>\n<td colspan=\"1\" rowspan=\"1\">49254749000A<\/td>\n<\/tr>\n<tr>\n<td colspan=\"1\" rowspan=\"1\">Description<\/td>\n<td colspan=\"1\" rowspan=\"1\">ATM Ph\u1ea7n Diebold 5500 CCA Ch\u00eca kh\u00f3a ch\u1ee9c n\u0103ng 49254749000A<\/td>\n<\/tr>\n<tr>\n<td colspan=\"1\" rowspan=\"1\">Usage<\/td>\n<td colspan=\"1\" rowspan=\"1\">ATM Machine<\/td>\n<\/tr>\n<tr>\n<td colspan=\"1\" rowspan=\"1\">Inventory<\/td>\n<td colspan=\"1\" rowspan=\"1\">Large quantity in stock<\/td>\n<\/tr>\n<\/tbody>\n<\/table>","protected":false},"featured_media":94849,"template":"","meta":[],"product_brand":[],"product_cat":[426,391],"product_tag":[],"class_list":{"0":"post-94020","1":"product","2":"type-product","3":"status-publish","4":"has-post-thumbnail","6":"product_cat-diebold-spare-parts","7":"product_cat-linh-kien-atm","9":"first","10":"instock","11":"taxable","12":"shipping-taxable","13":"product-type-simple"},"_links":{"self":[{"href":"https:\/\/impress.vn\/en\/wp-json\/wp\/v2\/product\/94020","targetHints":{"allow":["GET"]}}],"collection":[{"href":"https:\/\/impress.vn\/en\/wp-json\/wp\/v2\/product"}],"about":[{"href":"https:\/\/impress.vn\/en\/wp-json\/wp\/v2\/types\/product"}],"wp:featuredmedia":[{"embeddable":true,"href":"https:\/\/impress.vn\/en\/wp-json\/wp\/v2\/media\/94849"}],"wp:attachment":[{"href":"https:\/\/impress.vn\/en\/wp-json\/wp\/v2\/media?parent=94020"}],"wp:term":[{"taxonomy":"product_brand","embeddable":true,"href":"https:\/\/impress.vn\/en\/wp-json\/wp\/v2\/product_brand?post=94020"},{"taxonomy":"product_cat","embeddable":true,"href":"https:\/\/impress.vn\/en\/wp-json\/wp\/v2\/product_cat?post=94020"},{"taxonomy":"product_tag","embeddable":true,"href":"https:\/\/impress.vn\/en\/wp-json\/wp\/v2\/product_tag?post=94020"}],"curies":[{"name":"wp","href":"https:\/\/api.w.org\/{rel}","templated":true}]}}