{"id":94083,"date":"2025-07-15T09:13:25","date_gmt":"2025-07-15T02:13:25","guid":{"rendered":"https:\/\/impress.vn\/?post_type=product&#038;p=94083"},"modified":"2025-12-29T11:19:52","modified_gmt":"2025-12-29T04:19:52","slug":"phu-kien-may-atm-grg-8240-chinh-hang-mau-trang-gear-35t","status":"publish","type":"product","link":"https:\/\/impress.vn\/en\/product\/phu-kien-may-atm-grg-8240-chinh-hang-mau-trang-gear-35t\/","title":{"rendered":"Ph\u1ee5 ki\u1ec7n m\u00e1y ATM GRG 8240 ch\u00ednh h\u00e3ng m\u00e0u tr\u1eafng Gear 35T"},"content":{"rendered":"<h1>Ph\u1ee5 ki\u1ec7n m\u00e1y ATM GRG 8240 ch\u00ednh h\u00e3ng m\u00e0u tr\u1eafng Gear 35T<\/h1>\n<h2>Original GRG 8240 Dispenser Accessory White Gear 35T<\/h2>\n<div class=\"cont\">\n<div class=\"s_pt_box\">\n<div class=\"Previous_box\">\n<table border=\"1\" width=\"680\" cellspacing=\"0\" cellpadding=\"0\">\n<tbody>\n<tr>\n<td colspan=\"1\" rowspan=\"1\">Brand<\/td>\n<td colspan=\"1\" rowspan=\"1\">GRG<\/td>\n<\/tr>\n<tr>\n<td colspan=\"1\" rowspan=\"1\">\u00a0P\/N<\/td>\n<td colspan=\"1\" rowspan=\"1\">\/<\/td>\n<\/tr>\n<tr>\n<td colspan=\"1\" rowspan=\"1\">Description<\/td>\n<td colspan=\"1\" rowspan=\"1\">Ph\u1ee5 ki\u1ec7n m\u00e1y chi\u1ebft r\u00f3t GRG 8240 ch\u00ednh h\u00e3ng m\u1edbi b\u00e1n ch\u1ea1y nh\u1ea5t, m\u00e0u tr\u1eafng, b\u00e1nh r\u0103ng 35T<\/td>\n<\/tr>\n<tr>\n<td colspan=\"1\" rowspan=\"1\">Usage<\/td>\n<td colspan=\"1\" rowspan=\"1\">GRG ATM Machine<\/td>\n<\/tr>\n<tr>\n<td colspan=\"1\" rowspan=\"1\">Inventory<\/td>\n<td colspan=\"1\" rowspan=\"1\">Large quantity in stock<\/td>\n<\/tr>\n<\/tbody>\n<\/table>\n<\/div>\n<\/div>\n<\/div>","protected":false},"excerpt":{"rendered":"<table border=\"1\" width=\"680\" cellspacing=\"0\" cellpadding=\"0\">\n<tbody>\n<tr>\n<td colspan=\"1\" rowspan=\"1\">Brand<\/td>\n<td colspan=\"1\" rowspan=\"1\">GRG<\/td>\n<\/tr>\n<tr>\n<td colspan=\"1\" rowspan=\"1\">\u00a0P\/N<\/td>\n<td colspan=\"1\" rowspan=\"1\">\/<\/td>\n<\/tr>\n<tr>\n<td colspan=\"1\" rowspan=\"1\">Description<\/td>\n<td colspan=\"1\" rowspan=\"1\">Ph\u1ee5 ki\u1ec7n m\u00e1y chi\u1ebft r\u00f3t GRG 8240 ch\u00ednh h\u00e3ng m\u1edbi b\u00e1n ch\u1ea1y nh\u1ea5t, m\u00e0u tr\u1eafng, b\u00e1nh r\u0103ng 35T<\/td>\n<\/tr>\n<tr>\n<td colspan=\"1\" rowspan=\"1\">Usage<\/td>\n<td colspan=\"1\" rowspan=\"1\">GRG ATM Machine<\/td>\n<\/tr>\n<tr>\n<td colspan=\"1\" rowspan=\"1\">Inventory<\/td>\n<td colspan=\"1\" rowspan=\"1\">Large quantity in stock<\/td>\n<\/tr>\n<\/tbody>\n<\/table>","protected":false},"featured_media":94983,"template":"","meta":[],"product_brand":[],"product_cat":[430,391],"product_tag":[],"class_list":{"0":"post-94083","1":"product","2":"type-product","3":"status-publish","4":"has-post-thumbnail","6":"product_cat-linh-kien-grg","7":"product_cat-linh-kien-atm","9":"first","10":"instock","11":"taxable","12":"shipping-taxable","13":"product-type-simple"},"_links":{"self":[{"href":"https:\/\/impress.vn\/en\/wp-json\/wp\/v2\/product\/94083","targetHints":{"allow":["GET"]}}],"collection":[{"href":"https:\/\/impress.vn\/en\/wp-json\/wp\/v2\/product"}],"about":[{"href":"https:\/\/impress.vn\/en\/wp-json\/wp\/v2\/types\/product"}],"wp:featuredmedia":[{"embeddable":true,"href":"https:\/\/impress.vn\/en\/wp-json\/wp\/v2\/media\/94983"}],"wp:attachment":[{"href":"https:\/\/impress.vn\/en\/wp-json\/wp\/v2\/media?parent=94083"}],"wp:term":[{"taxonomy":"product_brand","embeddable":true,"href":"https:\/\/impress.vn\/en\/wp-json\/wp\/v2\/product_brand?post=94083"},{"taxonomy":"product_cat","embeddable":true,"href":"https:\/\/impress.vn\/en\/wp-json\/wp\/v2\/product_cat?post=94083"},{"taxonomy":"product_tag","embeddable":true,"href":"https:\/\/impress.vn\/en\/wp-json\/wp\/v2\/product_tag?post=94083"}],"curies":[{"name":"wp","href":"https:\/\/api.w.org\/{rel}","templated":true}]}}