{"id":94105,"date":"2025-07-16T15:52:48","date_gmt":"2025-07-16T08:52:48","guid":{"rendered":"https:\/\/impress.vn\/?post_type=product&#038;p=94105"},"modified":"2025-12-25T14:23:41","modified_gmt":"2025-12-25T07:23:41","slug":"phu-kien-mo-dun-phan-phoi-wincor-cmd-v4-vong-bi-ong-lot-co-rangx2","status":"publish","type":"product","link":"https:\/\/impress.vn\/en\/product\/phu-kien-mo-dun-phan-phoi-wincor-cmd-v4-vong-bi-ong-lot-co-rangx2\/","title":{"rendered":"Ph\u1ee5 ki\u1ec7n m\u00f4-\u0111un ph\u00e2n ph\u1ed1i Wincor CMD-V4 V\u00f2ng bi \u1ed1ng l\u00f3t c\u00f3 r\u0103ng\u00d72"},"content":{"rendered":"<h1>Ph\u1ee5 ki\u1ec7n m\u00f4-\u0111un ph\u00e2n ph\u1ed1i Wincor CMD-V4 V\u00f2ng bi \u1ed1ng l\u00f3t c\u00f3 r\u0103ng\u00d72<\/h1>\n<h2>Wincor CMD-V4 Dispenser Module Accessory Sleeve Bearing With Teeth\u00d72<\/h2>\n<div class=\"cont\">\n<div class=\"s_pt_box\">\n<div class=\"Previous_box\">\n<table border=\"1\" width=\"680\" cellspacing=\"0\" cellpadding=\"0\">\n<tbody>\n<tr>\n<td colspan=\"1\" rowspan=\"1\">Brand<\/td>\n<td colspan=\"1\" rowspan=\"1\">Wincor<\/td>\n<\/tr>\n<tr>\n<td colspan=\"1\" rowspan=\"1\">\u00a0P\/N<\/td>\n<td colspan=\"1\" rowspan=\"1\">\/<\/td>\n<\/tr>\n<tr>\n<td colspan=\"1\" rowspan=\"1\">Description<\/td>\n<td colspan=\"1\" rowspan=\"1\">Ph\u1ee5 ki\u1ec7n m\u00f4-\u0111un ph\u00e2n ph\u1ed1i Wincor CMD-V4 V\u00f2ng bi \u1ed1ng l\u00f3t c\u00f3 r\u0103ng\u00d72<\/td>\n<\/tr>\n<tr>\n<td colspan=\"1\" rowspan=\"1\">Usage<\/td>\n<td colspan=\"1\" rowspan=\"1\">Wincor ATM Machine<\/td>\n<\/tr>\n<tr>\n<td colspan=\"1\" rowspan=\"1\">Inventory<\/td>\n<td colspan=\"1\" rowspan=\"1\">Large quantity in stock<\/td>\n<\/tr>\n<\/tbody>\n<\/table>\n<\/div>\n<\/div>\n<\/div>","protected":false},"excerpt":{"rendered":"<table border=\"1\" width=\"680\" cellspacing=\"0\" cellpadding=\"0\">\n<tbody>\n<tr>\n<td colspan=\"1\" rowspan=\"1\">Brand<\/td>\n<td colspan=\"1\" rowspan=\"1\">Wincor<\/td>\n<\/tr>\n<tr>\n<td colspan=\"1\" rowspan=\"1\">\u00a0P\/N<\/td>\n<td colspan=\"1\" rowspan=\"1\">\/<\/td>\n<\/tr>\n<tr>\n<td colspan=\"1\" rowspan=\"1\">Description<\/td>\n<td colspan=\"1\" rowspan=\"1\">Ph\u1ee5 ki\u1ec7n m\u00f4-\u0111un ph\u00e2n ph\u1ed1i Wincor CMD-V4 V\u00f2ng bi \u1ed1ng l\u00f3t c\u00f3 r\u0103ng\u00d72<\/td>\n<\/tr>\n<tr>\n<td colspan=\"1\" rowspan=\"1\">Usage<\/td>\n<td colspan=\"1\" rowspan=\"1\">Wincor ATM Machine<\/td>\n<\/tr>\n<tr>\n<td colspan=\"1\" rowspan=\"1\">Inventory<\/td>\n<td colspan=\"1\" rowspan=\"1\">Large quantity in stock<\/td>\n<\/tr>\n<\/tbody>\n<\/table>","protected":false},"featured_media":95013,"template":"","meta":[],"product_brand":[],"product_cat":[391,405],"product_tag":[],"class_list":{"0":"post-94105","1":"product","2":"type-product","3":"status-publish","4":"has-post-thumbnail","6":"product_cat-linh-kien-atm","7":"product_cat-wincor-parts","9":"first","10":"instock","11":"taxable","12":"shipping-taxable","13":"product-type-simple"},"_links":{"self":[{"href":"https:\/\/impress.vn\/en\/wp-json\/wp\/v2\/product\/94105","targetHints":{"allow":["GET"]}}],"collection":[{"href":"https:\/\/impress.vn\/en\/wp-json\/wp\/v2\/product"}],"about":[{"href":"https:\/\/impress.vn\/en\/wp-json\/wp\/v2\/types\/product"}],"wp:featuredmedia":[{"embeddable":true,"href":"https:\/\/impress.vn\/en\/wp-json\/wp\/v2\/media\/95013"}],"wp:attachment":[{"href":"https:\/\/impress.vn\/en\/wp-json\/wp\/v2\/media?parent=94105"}],"wp:term":[{"taxonomy":"product_brand","embeddable":true,"href":"https:\/\/impress.vn\/en\/wp-json\/wp\/v2\/product_brand?post=94105"},{"taxonomy":"product_cat","embeddable":true,"href":"https:\/\/impress.vn\/en\/wp-json\/wp\/v2\/product_cat?post=94105"},{"taxonomy":"product_tag","embeddable":true,"href":"https:\/\/impress.vn\/en\/wp-json\/wp\/v2\/product_tag?post=94105"}],"curies":[{"name":"wp","href":"https:\/\/api.w.org\/{rel}","templated":true}]}}