{"id":94108,"date":"2025-07-16T16:57:30","date_gmt":"2025-07-16T09:57:30","guid":{"rendered":"https:\/\/impress.vn\/?post_type=product&#038;p=94108"},"modified":"2025-12-25T14:22:30","modified_gmt":"2025-12-25T07:22:30","slug":"phu-kien-mo-dun-phan-phoi-wincor-cmd-v4-khoa-nhua-tai-phai-1x1","status":"publish","type":"product","link":"https:\/\/impress.vn\/en\/product\/phu-kien-mo-dun-phan-phoi-wincor-cmd-v4-khoa-nhua-tai-phai-1x1\/","title":{"rendered":"Ph\u1ee5 ki\u1ec7n m\u00f4-\u0111un ph\u00e2n ph\u1ed1i Wincor CMD-V4 Kh\u00f3a nh\u1ef1a Tai ph\u1ea3i 1&#215;1"},"content":{"rendered":"<h1>Ph\u1ee5 ki\u1ec7n m\u00f4-\u0111un ph\u00e2n ph\u1ed1i Wincor CMD-V4 Kh\u00f3a nh\u1ef1a Tai ph\u1ea3i 1&#215;1<\/h1>\n<h2>Wincor CMD-V4 Dispenser Module Accessory Plastic Lock Right Ear 1&#215;1<\/h2>\n<table border=\"1\" width=\"680\" cellspacing=\"0\" cellpadding=\"0\">\n<tbody>\n<tr>\n<td colspan=\"1\" rowspan=\"1\">Brand<\/td>\n<td colspan=\"1\" rowspan=\"1\">Wincor<\/td>\n<\/tr>\n<tr>\n<td colspan=\"1\" rowspan=\"1\">\u00a0P\/N<\/td>\n<td colspan=\"1\" rowspan=\"1\">\/<\/td>\n<\/tr>\n<tr>\n<td colspan=\"1\" rowspan=\"1\">Description<\/td>\n<td colspan=\"1\" rowspan=\"1\">Ph\u1ee5 ki\u1ec7n m\u00f4-\u0111un ph\u00e2n ph\u1ed1i Wincor CMD-V4 Kh\u00f3a nh\u1ef1a Tai ph\u1ea3i 1&#215;1<\/td>\n<\/tr>\n<tr>\n<td colspan=\"1\" rowspan=\"1\">Usage<\/td>\n<td colspan=\"1\" rowspan=\"1\">Wincor ATM Machine<\/td>\n<\/tr>\n<tr>\n<td colspan=\"1\" rowspan=\"1\">Inventory<\/td>\n<td colspan=\"1\" rowspan=\"1\">Large quantity in stock<\/td>\n<\/tr>\n<\/tbody>\n<\/table>","protected":false},"excerpt":{"rendered":"<table border=\"1\" width=\"680\" cellspacing=\"0\" cellpadding=\"0\">\n<tbody>\n<tr>\n<td colspan=\"1\" rowspan=\"1\">Brand<\/td>\n<td colspan=\"1\" rowspan=\"1\">Wincor<\/td>\n<\/tr>\n<tr>\n<td colspan=\"1\" rowspan=\"1\">\u00a0P\/N<\/td>\n<td colspan=\"1\" rowspan=\"1\">\/<\/td>\n<\/tr>\n<tr>\n<td colspan=\"1\" rowspan=\"1\">Description<\/td>\n<td colspan=\"1\" rowspan=\"1\">Ph\u1ee5 ki\u1ec7n m\u00f4-\u0111un ph\u00e2n ph\u1ed1i Wincor CMD-V4 Kh\u00f3a nh\u1ef1a Tai ph\u1ea3i 1&#215;1<\/td>\n<\/tr>\n<tr>\n<td colspan=\"1\" rowspan=\"1\">Usage<\/td>\n<td colspan=\"1\" rowspan=\"1\">Wincor ATM Machine<\/td>\n<\/tr>\n<tr>\n<td colspan=\"1\" rowspan=\"1\">Inventory<\/td>\n<td colspan=\"1\" rowspan=\"1\">Large quantity in stock<\/td>\n<\/tr>\n<\/tbody>\n<\/table>","protected":false},"featured_media":95015,"template":"","meta":[],"product_brand":[],"product_cat":[391,405],"product_tag":[],"class_list":{"0":"post-94108","1":"product","2":"type-product","3":"status-publish","4":"has-post-thumbnail","6":"product_cat-linh-kien-atm","7":"product_cat-wincor-parts","9":"first","10":"instock","11":"taxable","12":"shipping-taxable","13":"product-type-simple"},"_links":{"self":[{"href":"https:\/\/impress.vn\/en\/wp-json\/wp\/v2\/product\/94108","targetHints":{"allow":["GET"]}}],"collection":[{"href":"https:\/\/impress.vn\/en\/wp-json\/wp\/v2\/product"}],"about":[{"href":"https:\/\/impress.vn\/en\/wp-json\/wp\/v2\/types\/product"}],"wp:featuredmedia":[{"embeddable":true,"href":"https:\/\/impress.vn\/en\/wp-json\/wp\/v2\/media\/95015"}],"wp:attachment":[{"href":"https:\/\/impress.vn\/en\/wp-json\/wp\/v2\/media?parent=94108"}],"wp:term":[{"taxonomy":"product_brand","embeddable":true,"href":"https:\/\/impress.vn\/en\/wp-json\/wp\/v2\/product_brand?post=94108"},{"taxonomy":"product_cat","embeddable":true,"href":"https:\/\/impress.vn\/en\/wp-json\/wp\/v2\/product_cat?post=94108"},{"taxonomy":"product_tag","embeddable":true,"href":"https:\/\/impress.vn\/en\/wp-json\/wp\/v2\/product_tag?post=94108"}],"curies":[{"name":"wp","href":"https:\/\/api.w.org\/{rel}","templated":true}]}}