{"id":94109,"date":"2025-07-16T17:13:14","date_gmt":"2025-07-16T10:13:14","guid":{"rendered":"https:\/\/impress.vn\/?post_type=product&#038;p=94109"},"modified":"2025-12-25T14:20:56","modified_gmt":"2025-12-25T07:20:56","slug":"mo-dun-phan-phoi-wincor-cmd-v4-phu-kien-dong-co-15-rang-banh-rang-mau-vang-x-2","status":"publish","type":"product","link":"https:\/\/impress.vn\/en\/product\/mo-dun-phan-phoi-wincor-cmd-v4-phu-kien-dong-co-15-rang-banh-rang-mau-vang-x-2\/","title":{"rendered":"M\u00f4-\u0111un ph\u00e2n ph\u1ed1i Wincor CMD-V4 Ph\u1ee5 ki\u1ec7n \u0110\u1ed9ng c\u01a1 15 r\u0103ng B\u00e1nh r\u0103ng m\u00e0u v\u00e0ng X 2"},"content":{"rendered":"<h1>M\u00f4-\u0111un ph\u00e2n ph\u1ed1i Wincor CMD-V4 Ph\u1ee5 ki\u1ec7n \u0110\u1ed9ng c\u01a1 15 r\u0103ng B\u00e1nh r\u0103ng m\u00e0u v\u00e0ng X 2<\/h1>\n<h2>Wincor CMD-V4 Dispenser Module Accessory Motor 15 Tooth Yellow Gears X 2<\/h2>\n<table border=\"1\" width=\"680\" cellspacing=\"0\" cellpadding=\"0\">\n<tbody>\n<tr>\n<td colspan=\"1\" rowspan=\"1\">Brand<\/td>\n<td colspan=\"1\" rowspan=\"1\">Wincor<\/td>\n<\/tr>\n<tr>\n<td colspan=\"1\" rowspan=\"1\">\u00a0P\/N<\/td>\n<td colspan=\"1\" rowspan=\"1\">\/<\/td>\n<\/tr>\n<tr>\n<td colspan=\"1\" rowspan=\"1\">Description<\/td>\n<td colspan=\"1\" rowspan=\"1\">M\u00f4-\u0111un ph\u00e2n ph\u1ed1i Wincor CMD-V4 Ph\u1ee5 ki\u1ec7n \u0110\u1ed9ng c\u01a1 15 r\u0103ng B\u00e1nh r\u0103ng m\u00e0u v\u00e0ng X 2<\/td>\n<\/tr>\n<tr>\n<td colspan=\"1\" rowspan=\"1\">Usage<\/td>\n<td colspan=\"1\" rowspan=\"1\">ATM Machine<\/td>\n<\/tr>\n<tr>\n<td colspan=\"1\" rowspan=\"1\">Inventory<\/td>\n<td colspan=\"1\" rowspan=\"1\">Large quantity in stock<\/td>\n<\/tr>\n<\/tbody>\n<\/table>\n<div class=\"cont\">\n<div class=\"s_pt_box\">\n<div class=\"Previous_box\"><\/div>\n<\/div>\n<\/div>","protected":false},"excerpt":{"rendered":"<table border=\"1\" width=\"680\" cellspacing=\"0\" cellpadding=\"0\">\n<tbody>\n<tr>\n<td colspan=\"1\" rowspan=\"1\">Brand<\/td>\n<td colspan=\"1\" rowspan=\"1\">Wincor<\/td>\n<\/tr>\n<tr>\n<td colspan=\"1\" rowspan=\"1\">\u00a0P\/N<\/td>\n<td colspan=\"1\" rowspan=\"1\">\/<\/td>\n<\/tr>\n<tr>\n<td colspan=\"1\" rowspan=\"1\">Description<\/td>\n<td colspan=\"1\" rowspan=\"1\">M\u00f4-\u0111un ph\u00e2n ph\u1ed1i Wincor CMD-V4 Ph\u1ee5 ki\u1ec7n \u0110\u1ed9ng c\u01a1 15 r\u0103ng B\u00e1nh r\u0103ng m\u00e0u v\u00e0ng X 2<\/td>\n<\/tr>\n<tr>\n<td colspan=\"1\" rowspan=\"1\">Usage<\/td>\n<td colspan=\"1\" rowspan=\"1\">ATM Machine<\/td>\n<\/tr>\n<tr>\n<td colspan=\"1\" rowspan=\"1\">Inventory<\/td>\n<td colspan=\"1\" rowspan=\"1\">Large quantity in stock<\/td>\n<\/tr>\n<\/tbody>\n<\/table>","protected":false},"featured_media":95011,"template":"","meta":[],"product_brand":[],"product_cat":[391,405],"product_tag":[],"class_list":{"0":"post-94109","1":"product","2":"type-product","3":"status-publish","4":"has-post-thumbnail","6":"product_cat-linh-kien-atm","7":"product_cat-wincor-parts","9":"first","10":"instock","11":"taxable","12":"shipping-taxable","13":"product-type-simple"},"_links":{"self":[{"href":"https:\/\/impress.vn\/en\/wp-json\/wp\/v2\/product\/94109","targetHints":{"allow":["GET"]}}],"collection":[{"href":"https:\/\/impress.vn\/en\/wp-json\/wp\/v2\/product"}],"about":[{"href":"https:\/\/impress.vn\/en\/wp-json\/wp\/v2\/types\/product"}],"wp:featuredmedia":[{"embeddable":true,"href":"https:\/\/impress.vn\/en\/wp-json\/wp\/v2\/media\/95011"}],"wp:attachment":[{"href":"https:\/\/impress.vn\/en\/wp-json\/wp\/v2\/media?parent=94109"}],"wp:term":[{"taxonomy":"product_brand","embeddable":true,"href":"https:\/\/impress.vn\/en\/wp-json\/wp\/v2\/product_brand?post=94109"},{"taxonomy":"product_cat","embeddable":true,"href":"https:\/\/impress.vn\/en\/wp-json\/wp\/v2\/product_cat?post=94109"},{"taxonomy":"product_tag","embeddable":true,"href":"https:\/\/impress.vn\/en\/wp-json\/wp\/v2\/product_tag?post=94109"}],"curies":[{"name":"wp","href":"https:\/\/api.w.org\/{rel}","templated":true}]}}