{"id":94121,"date":"2025-07-17T15:39:04","date_gmt":"2025-07-17T08:39:04","guid":{"rendered":"https:\/\/impress.vn\/?post_type=product&#038;p=94121"},"modified":"2025-12-25T14:20:18","modified_gmt":"2025-12-25T07:20:18","slug":"phu-kien-mo-dun-phan-phoi-wincor-cmd-v4-dong-co-duoi-xep-chong-16t","status":"publish","type":"product","link":"https:\/\/impress.vn\/en\/product\/phu-kien-mo-dun-phan-phoi-wincor-cmd-v4-dong-co-duoi-xep-chong-16t\/","title":{"rendered":"Ph\u1ee5 ki\u1ec7n m\u00f4-\u0111un ph\u00e2n ph\u1ed1i Wincor CMD-V4 \u0110\u1ed9ng c\u01a1 \u0111u\u00f4i x\u1ebfp ch\u1ed3ng 16T"},"content":{"rendered":"<h1>Ph\u1ee5 ki\u1ec7n m\u00f4-\u0111un ph\u00e2n ph\u1ed1i Wincor CMD-V4 \u0110\u1ed9ng c\u01a1 \u0111u\u00f4i x\u1ebfp ch\u1ed3ng 16T<\/h1>\n<h2>Wincor CMD-V4 Dispenser Module Accessory Stacked Tail 16T Motor<\/h2>\n<table border=\"1\" width=\"680\" cellspacing=\"0\" cellpadding=\"0\">\n<tbody>\n<tr>\n<td colspan=\"1\" rowspan=\"1\">Brand<\/td>\n<td colspan=\"1\" rowspan=\"1\">Wincor<\/td>\n<\/tr>\n<tr>\n<td colspan=\"1\" rowspan=\"1\">\u00a0P\/N<\/td>\n<td colspan=\"1\" rowspan=\"1\">\/<\/td>\n<\/tr>\n<tr>\n<td colspan=\"1\" rowspan=\"1\">Description<\/td>\n<td colspan=\"1\" rowspan=\"1\">Ph\u1ee5 ki\u1ec7n m\u00f4-\u0111un ph\u00e2n ph\u1ed1i Wincor CMD-V4 \u0110\u1ed9ng c\u01a1 \u0111u\u00f4i x\u1ebfp ch\u1ed3ng 16T<\/td>\n<\/tr>\n<tr>\n<td colspan=\"1\" rowspan=\"1\">Usage<\/td>\n<td colspan=\"1\" rowspan=\"1\">Wincor ATM Machine<\/td>\n<\/tr>\n<tr>\n<td colspan=\"1\" rowspan=\"1\">Inventory<\/td>\n<td colspan=\"1\" rowspan=\"1\">Large quantity in stock<\/td>\n<\/tr>\n<\/tbody>\n<\/table>\n<div class=\"cont\">\n<div class=\"s_pt_box\">\n<div class=\"Previous_box\"><\/div>\n<\/div>\n<\/div>","protected":false},"excerpt":{"rendered":"<table border=\"1\" width=\"680\" cellspacing=\"0\" cellpadding=\"0\">\n<tbody>\n<tr>\n<td colspan=\"1\" rowspan=\"1\">Brand<\/td>\n<td colspan=\"1\" rowspan=\"1\">Wincor<\/td>\n<\/tr>\n<tr>\n<td colspan=\"1\" rowspan=\"1\">\u00a0P\/N<\/td>\n<td colspan=\"1\" rowspan=\"1\">\/<\/td>\n<\/tr>\n<tr>\n<td colspan=\"1\" rowspan=\"1\">Description<\/td>\n<td colspan=\"1\" rowspan=\"1\">Ph\u1ee5 ki\u1ec7n m\u00f4-\u0111un ph\u00e2n ph\u1ed1i Wincor CMD-V4 \u0110\u1ed9ng c\u01a1 \u0111u\u00f4i x\u1ebfp ch\u1ed3ng 16T<\/td>\n<\/tr>\n<tr>\n<td colspan=\"1\" rowspan=\"1\">Usage<\/td>\n<td colspan=\"1\" rowspan=\"1\">Wincor ATM Machine<\/td>\n<\/tr>\n<tr>\n<td colspan=\"1\" rowspan=\"1\">Inventory<\/td>\n<td colspan=\"1\" rowspan=\"1\">Large quantity in stock<\/td>\n<\/tr>\n<\/tbody>\n<\/table>","protected":false},"featured_media":95017,"template":"","meta":[],"product_brand":[],"product_cat":[391,405],"product_tag":[],"class_list":{"0":"post-94121","1":"product","2":"type-product","3":"status-publish","4":"has-post-thumbnail","6":"product_cat-linh-kien-atm","7":"product_cat-wincor-parts","9":"first","10":"instock","11":"taxable","12":"shipping-taxable","13":"product-type-simple"},"_links":{"self":[{"href":"https:\/\/impress.vn\/en\/wp-json\/wp\/v2\/product\/94121","targetHints":{"allow":["GET"]}}],"collection":[{"href":"https:\/\/impress.vn\/en\/wp-json\/wp\/v2\/product"}],"about":[{"href":"https:\/\/impress.vn\/en\/wp-json\/wp\/v2\/types\/product"}],"wp:featuredmedia":[{"embeddable":true,"href":"https:\/\/impress.vn\/en\/wp-json\/wp\/v2\/media\/95017"}],"wp:attachment":[{"href":"https:\/\/impress.vn\/en\/wp-json\/wp\/v2\/media?parent=94121"}],"wp:term":[{"taxonomy":"product_brand","embeddable":true,"href":"https:\/\/impress.vn\/en\/wp-json\/wp\/v2\/product_brand?post=94121"},{"taxonomy":"product_cat","embeddable":true,"href":"https:\/\/impress.vn\/en\/wp-json\/wp\/v2\/product_cat?post=94121"},{"taxonomy":"product_tag","embeddable":true,"href":"https:\/\/impress.vn\/en\/wp-json\/wp\/v2\/product_tag?post=94121"}],"curies":[{"name":"wp","href":"https:\/\/api.w.org\/{rel}","templated":true}]}}