{"id":94122,"date":"2025-07-17T15:49:12","date_gmt":"2025-07-17T08:49:12","guid":{"rendered":"https:\/\/impress.vn\/?post_type=product&#038;p=94122"},"modified":"2025-12-25T14:18:03","modified_gmt":"2025-12-25T07:18:03","slug":"voi-phun-mo-rong-mo-dun-phan-phoi-wincor-cmd-v4-2526mm","status":"publish","type":"product","link":"https:\/\/impress.vn\/en\/product\/voi-phun-mo-rong-mo-dun-phan-phoi-wincor-cmd-v4-2526mm\/","title":{"rendered":"V\u00f2i phun m\u1edf r\u1ed9ng m\u00f4-\u0111un ph\u00e2n ph\u1ed1i Wincor CMD-V4 252,6mm"},"content":{"rendered":"<h1>V\u00f2i phun m\u1edf r\u1ed9ng m\u00f4-\u0111un ph\u00e2n ph\u1ed1i Wincor CMD-V4 252,6mm<\/h1>\n<h2>Wincor CMD-V4 Dispenser Module Extension Nozzle 252.6mm<\/h2>\n<table border=\"1\" width=\"680\" cellspacing=\"0\" cellpadding=\"0\">\n<tbody>\n<tr>\n<td colspan=\"1\" rowspan=\"1\">Brand<\/td>\n<td colspan=\"1\" rowspan=\"1\">Wincor<\/td>\n<\/tr>\n<tr>\n<td colspan=\"1\" rowspan=\"1\">\u00a0P\/N<\/td>\n<td colspan=\"1\" rowspan=\"1\">\/<\/td>\n<\/tr>\n<tr>\n<td colspan=\"1\" rowspan=\"1\">Description<\/td>\n<td colspan=\"1\" rowspan=\"1\">V\u00f2i phun m\u1edf r\u1ed9ng m\u00f4-\u0111un ph\u00e2n ph\u1ed1i Wincor CMD-V4 252,6mm<\/td>\n<\/tr>\n<tr>\n<td colspan=\"1\" rowspan=\"1\">Usage<\/td>\n<td colspan=\"1\" rowspan=\"1\">Wincor ATM Machine<\/td>\n<\/tr>\n<tr>\n<td colspan=\"1\" rowspan=\"1\">Inventory<\/td>\n<td colspan=\"1\" rowspan=\"1\">Large quantity in stock<\/td>\n<\/tr>\n<\/tbody>\n<\/table>\n<div class=\"cont\">\n<div class=\"s_pt_box\">\n<div class=\"Previous_box\"><\/div>\n<\/div>\n<\/div>\n<p>&nbsp;<\/p>","protected":false},"excerpt":{"rendered":"<table border=\"1\" width=\"680\" cellspacing=\"0\" cellpadding=\"0\">\n<tbody>\n<tr>\n<td colspan=\"1\" rowspan=\"1\">Brand<\/td>\n<td colspan=\"1\" rowspan=\"1\">Wincor<\/td>\n<\/tr>\n<tr>\n<td colspan=\"1\" rowspan=\"1\">\u00a0P\/N<\/td>\n<td colspan=\"1\" rowspan=\"1\">\/<\/td>\n<\/tr>\n<tr>\n<td colspan=\"1\" rowspan=\"1\">Description<\/td>\n<td colspan=\"1\" rowspan=\"1\">V\u00f2i phun m\u1edf r\u1ed9ng m\u00f4-\u0111un ph\u00e2n ph\u1ed1i Wincor CMD-V4 252,6mm<\/td>\n<\/tr>\n<tr>\n<td colspan=\"1\" rowspan=\"1\">Usage<\/td>\n<td colspan=\"1\" rowspan=\"1\">Wincor ATM Machine<\/td>\n<\/tr>\n<tr>\n<td colspan=\"1\" rowspan=\"1\">Inventory<\/td>\n<td colspan=\"1\" rowspan=\"1\">Large quantity in stock<\/td>\n<\/tr>\n<\/tbody>\n<\/table>","protected":false},"featured_media":95007,"template":"","meta":[],"product_brand":[],"product_cat":[391,405],"product_tag":[],"class_list":{"0":"post-94122","1":"product","2":"type-product","3":"status-publish","4":"has-post-thumbnail","6":"product_cat-linh-kien-atm","7":"product_cat-wincor-parts","9":"first","10":"instock","11":"taxable","12":"shipping-taxable","13":"product-type-simple"},"_links":{"self":[{"href":"https:\/\/impress.vn\/en\/wp-json\/wp\/v2\/product\/94122","targetHints":{"allow":["GET"]}}],"collection":[{"href":"https:\/\/impress.vn\/en\/wp-json\/wp\/v2\/product"}],"about":[{"href":"https:\/\/impress.vn\/en\/wp-json\/wp\/v2\/types\/product"}],"wp:featuredmedia":[{"embeddable":true,"href":"https:\/\/impress.vn\/en\/wp-json\/wp\/v2\/media\/95007"}],"wp:attachment":[{"href":"https:\/\/impress.vn\/en\/wp-json\/wp\/v2\/media?parent=94122"}],"wp:term":[{"taxonomy":"product_brand","embeddable":true,"href":"https:\/\/impress.vn\/en\/wp-json\/wp\/v2\/product_brand?post=94122"},{"taxonomy":"product_cat","embeddable":true,"href":"https:\/\/impress.vn\/en\/wp-json\/wp\/v2\/product_cat?post=94122"},{"taxonomy":"product_tag","embeddable":true,"href":"https:\/\/impress.vn\/en\/wp-json\/wp\/v2\/product_tag?post=94122"}],"curies":[{"name":"wp","href":"https:\/\/api.w.org\/{rel}","templated":true}]}}