{"id":94123,"date":"2025-07-17T16:15:53","date_gmt":"2025-07-17T09:15:53","guid":{"rendered":"https:\/\/impress.vn\/?post_type=product&#038;p=94123"},"modified":"2025-12-20T09:36:58","modified_gmt":"2025-12-20T02:36:58","slug":"bo-phan-dan-huong-ruy-bang-ncr-ud600-chinh-hang-bang-nhua-mau-trang","status":"publish","type":"product","link":"https:\/\/impress.vn\/en\/product\/bo-phan-dan-huong-ruy-bang-ncr-ud600-chinh-hang-bang-nhua-mau-trang\/","title":{"rendered":"B\u1ed9 ph\u1eadn d\u1eabn h\u01b0\u1edbng ruy b\u0103ng NCR UD600 ch\u00ednh h\u00e3ng b\u1eb1ng nh\u1ef1a m\u00e0u tr\u1eafng"},"content":{"rendered":"<h1>B\u1ed9 ph\u1eadn d\u1eabn h\u01b0\u1edbng ruy b\u0103ng NCR UD600 ch\u00ednh h\u00e3ng b\u1eb1ng nh\u1ef1a m\u00e0u tr\u1eafng<\/h1>\n<h2>Original NCR UD600 Ribbon Guide White Plastic Parts<\/h2>\n<div class=\"cont\">\n<div class=\"s_pt_box\">\n<div class=\"Previous_box\">\n<table border=\"1\" width=\"680\" cellspacing=\"0\" cellpadding=\"0\">\n<tbody>\n<tr>\n<td colspan=\"1\" rowspan=\"1\">Brand<\/td>\n<td colspan=\"1\" rowspan=\"1\">NCR<\/td>\n<\/tr>\n<tr>\n<td colspan=\"1\" rowspan=\"1\">\u00a0P\/N<\/td>\n<td colspan=\"1\" rowspan=\"1\">\/<\/td>\n<\/tr>\n<tr>\n<td colspan=\"1\" rowspan=\"1\">Description<\/td>\n<td colspan=\"1\" rowspan=\"1\">B\u1ed9 ph\u1eadn d\u1eabn h\u01b0\u1edbng ruy b\u0103ng NCR UD600 ch\u00ednh h\u00e3ng b\u1eb1ng nh\u1ef1a m\u00e0u tr\u1eafng<\/td>\n<\/tr>\n<tr>\n<td colspan=\"1\" rowspan=\"1\">Usage<\/td>\n<td colspan=\"1\" rowspan=\"1\">NCR ATM Machine<\/td>\n<\/tr>\n<tr>\n<td colspan=\"1\" rowspan=\"1\">Inventory<\/td>\n<td colspan=\"1\" rowspan=\"1\">Large quantity in stock<\/td>\n<\/tr>\n<\/tbody>\n<\/table>\n<\/div>\n<\/div>\n<\/div>","protected":false},"excerpt":{"rendered":"<table border=\"1\" width=\"680\" cellspacing=\"0\" cellpadding=\"0\">\n<tbody>\n<tr>\n<td colspan=\"1\" rowspan=\"1\">Brand<\/td>\n<td colspan=\"1\" rowspan=\"1\">NCR<\/td>\n<\/tr>\n<tr>\n<td colspan=\"1\" rowspan=\"1\">\u00a0P\/N<\/td>\n<td colspan=\"1\" rowspan=\"1\">\/<\/td>\n<\/tr>\n<tr>\n<td colspan=\"1\" rowspan=\"1\">Description<\/td>\n<td colspan=\"1\" rowspan=\"1\">B\u1ed9 ph\u1eadn d\u1eabn h\u01b0\u1edbng ruy b\u0103ng NCR UD600 ch\u00ednh h\u00e3ng b\u1eb1ng nh\u1ef1a m\u00e0u tr\u1eafng<\/td>\n<\/tr>\n<tr>\n<td colspan=\"1\" rowspan=\"1\">Usage<\/td>\n<td colspan=\"1\" rowspan=\"1\">NCR ATM Machine<\/td>\n<\/tr>\n<tr>\n<td colspan=\"1\" rowspan=\"1\">Inventory<\/td>\n<td colspan=\"1\" rowspan=\"1\">Large quantity in stock<\/td>\n<\/tr>\n<\/tbody>\n<\/table>","protected":false},"featured_media":94992,"template":"","meta":[],"product_brand":[],"product_cat":[391,392],"product_tag":[],"class_list":{"0":"post-94123","1":"product","2":"type-product","3":"status-publish","4":"has-post-thumbnail","6":"product_cat-linh-kien-atm","7":"product_cat-ncr-parts","9":"first","10":"instock","11":"taxable","12":"shipping-taxable","13":"product-type-simple"},"_links":{"self":[{"href":"https:\/\/impress.vn\/en\/wp-json\/wp\/v2\/product\/94123","targetHints":{"allow":["GET"]}}],"collection":[{"href":"https:\/\/impress.vn\/en\/wp-json\/wp\/v2\/product"}],"about":[{"href":"https:\/\/impress.vn\/en\/wp-json\/wp\/v2\/types\/product"}],"wp:featuredmedia":[{"embeddable":true,"href":"https:\/\/impress.vn\/en\/wp-json\/wp\/v2\/media\/94992"}],"wp:attachment":[{"href":"https:\/\/impress.vn\/en\/wp-json\/wp\/v2\/media?parent=94123"}],"wp:term":[{"taxonomy":"product_brand","embeddable":true,"href":"https:\/\/impress.vn\/en\/wp-json\/wp\/v2\/product_brand?post=94123"},{"taxonomy":"product_cat","embeddable":true,"href":"https:\/\/impress.vn\/en\/wp-json\/wp\/v2\/product_cat?post=94123"},{"taxonomy":"product_tag","embeddable":true,"href":"https:\/\/impress.vn\/en\/wp-json\/wp\/v2\/product_tag?post=94123"}],"curies":[{"name":"wp","href":"https:\/\/api.w.org\/{rel}","templated":true}]}}