{"id":94147,"date":"2025-07-18T10:55:04","date_gmt":"2025-07-18T03:55:04","guid":{"rendered":"https:\/\/impress.vn\/?post_type=product&#038;p=94147"},"modified":"2025-12-29T11:41:22","modified_gmt":"2025-12-29T04:41:22","slug":"mo-dun-dao-tien-giay-hyosung-hcdu-movement-truc-den-lon","status":"publish","type":"product","link":"https:\/\/impress.vn\/en\/product\/mo-dun-dao-tien-giay-hyosung-hcdu-movement-truc-den-lon\/","title":{"rendered":"M\u00f4-\u0111un \u0111\u00e0o ti\u1ec1n gi\u1ea5y Hyosung HCDU Movement Tr\u1ee5c \u0111en l\u1edbn"},"content":{"rendered":"<h1>M\u00f4-\u0111un \u0111\u00e0o ti\u1ec1n gi\u1ea5y Hyosung HCDU Movement Tr\u1ee5c \u0111en l\u1edbn<\/h1>\n<h2>Hyosung HCDU Movement Banknote Digging Module Big Black Shaft<\/h2>\n<table border=\"1\" width=\"680\" cellspacing=\"0\" cellpadding=\"0\">\n<tbody>\n<tr>\n<td colspan=\"1\" rowspan=\"1\">Brand<\/td>\n<td colspan=\"1\" rowspan=\"1\">Hyosung<\/td>\n<\/tr>\n<tr>\n<td colspan=\"1\" rowspan=\"1\">\u00a0P\/N<\/td>\n<td colspan=\"1\" rowspan=\"1\">\/<\/td>\n<\/tr>\n<tr>\n<td colspan=\"1\" rowspan=\"1\">Description<\/td>\n<td colspan=\"1\" rowspan=\"1\">M\u00f4-\u0111un \u0111\u00e0o ti\u1ec1n gi\u1ea5y Hyosung HCDU Movement Tr\u1ee5c \u0111en l\u1edbn<\/td>\n<\/tr>\n<tr>\n<td colspan=\"1\" rowspan=\"1\">Usage<\/td>\n<td colspan=\"1\" rowspan=\"1\">ATM Machine<\/td>\n<\/tr>\n<tr>\n<td colspan=\"1\" rowspan=\"1\">Inventory<\/td>\n<td colspan=\"1\" rowspan=\"1\">Large quantity in stock<\/td>\n<\/tr>\n<\/tbody>\n<\/table>\n<div class=\"cont\">\n<div class=\"s_pt_box\">\n<div class=\"Previous_box\"><\/div>\n<\/div>\n<\/div>","protected":false},"excerpt":{"rendered":"<table border=\"1\" width=\"680\" cellspacing=\"0\" cellpadding=\"0\">\n<tbody>\n<tr>\n<td colspan=\"1\" rowspan=\"1\">Brand<\/td>\n<td colspan=\"1\" rowspan=\"1\">Hyosung<\/td>\n<\/tr>\n<tr>\n<td colspan=\"1\" rowspan=\"1\">\u00a0P\/N<\/td>\n<td colspan=\"1\" rowspan=\"1\">\/<\/td>\n<\/tr>\n<tr>\n<td colspan=\"1\" rowspan=\"1\">Description<\/td>\n<td colspan=\"1\" rowspan=\"1\">M\u00f4-\u0111un \u0111\u00e0o ti\u1ec1n gi\u1ea5y Hyosung HCDU Movement Tr\u1ee5c \u0111en l\u1edbn<\/td>\n<\/tr>\n<tr>\n<td colspan=\"1\" rowspan=\"1\">Usage<\/td>\n<td colspan=\"1\" rowspan=\"1\">ATM Machine<\/td>\n<\/tr>\n<tr>\n<td colspan=\"1\" rowspan=\"1\">Inventory<\/td>\n<td colspan=\"1\" rowspan=\"1\">Large quantity in stock<\/td>\n<\/tr>\n<\/tbody>\n<\/table>","protected":false},"featured_media":94906,"template":"","meta":[],"product_brand":[],"product_cat":[391,401],"product_tag":[],"class_list":{"0":"post-94147","1":"product","2":"type-product","3":"status-publish","4":"has-post-thumbnail","6":"product_cat-linh-kien-atm","7":"product_cat-hyosung-parts","9":"first","10":"instock","11":"taxable","12":"shipping-taxable","13":"product-type-simple"},"_links":{"self":[{"href":"https:\/\/impress.vn\/en\/wp-json\/wp\/v2\/product\/94147","targetHints":{"allow":["GET"]}}],"collection":[{"href":"https:\/\/impress.vn\/en\/wp-json\/wp\/v2\/product"}],"about":[{"href":"https:\/\/impress.vn\/en\/wp-json\/wp\/v2\/types\/product"}],"wp:featuredmedia":[{"embeddable":true,"href":"https:\/\/impress.vn\/en\/wp-json\/wp\/v2\/media\/94906"}],"wp:attachment":[{"href":"https:\/\/impress.vn\/en\/wp-json\/wp\/v2\/media?parent=94147"}],"wp:term":[{"taxonomy":"product_brand","embeddable":true,"href":"https:\/\/impress.vn\/en\/wp-json\/wp\/v2\/product_brand?post=94147"},{"taxonomy":"product_cat","embeddable":true,"href":"https:\/\/impress.vn\/en\/wp-json\/wp\/v2\/product_cat?post=94147"},{"taxonomy":"product_tag","embeddable":true,"href":"https:\/\/impress.vn\/en\/wp-json\/wp\/v2\/product_tag?post=94147"}],"curies":[{"name":"wp","href":"https:\/\/api.w.org\/{rel}","templated":true}]}}