{"id":94178,"date":"2025-07-22T17:14:02","date_gmt":"2025-07-22T10:14:02","guid":{"rendered":"https:\/\/impress.vn\/?post_type=product&#038;p=94178"},"modified":"2025-12-11T14:30:11","modified_gmt":"2025-12-11T07:30:11","slug":"cam-bien-chan-khong-ncr-s2-day-20mm-pcb-assy-4450755149","status":"publish","type":"product","link":"https:\/\/impress.vn\/en\/product\/cam-bien-chan-khong-ncr-s2-day-20mm-pcb-assy-4450755149\/","title":{"rendered":"C\u1ea3m bi\u1ebfn ch\u00e2n kh\u00f4ng NCR S2 d\u00e0y 20mm PCB Assy 4450755149"},"content":{"rendered":"<h1>C\u1ea3m bi\u1ebfn ch\u00e2n kh\u00f4ng NCR S2 d\u00e0y 20mm PCB Assy 4450755149<\/h1>\n<h2>20mm Thickness NCR S2 Vacuum Sensor PCB Assy 4450755149<\/h2>\n<table border=\"1\" width=\"680\" cellspacing=\"0\" cellpadding=\"0\">\n<tbody>\n<tr>\n<td colspan=\"1\" rowspan=\"1\">Brand<\/td>\n<td colspan=\"1\" rowspan=\"1\">NCR<\/td>\n<\/tr>\n<tr>\n<td colspan=\"1\" rowspan=\"1\">\u00a0P\/N<\/td>\n<td colspan=\"1\" rowspan=\"1\">\/<\/td>\n<\/tr>\n<tr>\n<td colspan=\"1\" rowspan=\"1\">Description<\/td>\n<td colspan=\"1\" rowspan=\"1\">C\u1ea3m bi\u1ebfn ch\u00e2n kh\u00f4ng NCR S2 d\u00e0y 20mm PCB Assy 4450755149<\/td>\n<\/tr>\n<tr>\n<td colspan=\"1\" rowspan=\"1\">Usage<\/td>\n<td colspan=\"1\" rowspan=\"1\">NCR ATM Machine<\/td>\n<\/tr>\n<tr>\n<td colspan=\"1\" rowspan=\"1\">Inventory<\/td>\n<td colspan=\"1\" rowspan=\"1\">Large quantity in stock<\/td>\n<\/tr>\n<\/tbody>\n<\/table>\n<div class=\"cont\">\n<div class=\"s_pt_box\">\n<div class=\"Previous_box\"><\/div>\n<\/div>\n<\/div>","protected":false},"excerpt":{"rendered":"<table border=\"1\" width=\"680\" cellspacing=\"0\" cellpadding=\"0\">\n<tbody>\n<tr>\n<td colspan=\"1\" rowspan=\"1\">Brand<\/td>\n<td colspan=\"1\" rowspan=\"1\">NCR<\/td>\n<\/tr>\n<tr>\n<td colspan=\"1\" rowspan=\"1\">\u00a0P\/N<\/td>\n<td colspan=\"1\" rowspan=\"1\">\/<\/td>\n<\/tr>\n<tr>\n<td colspan=\"1\" rowspan=\"1\">Description<\/td>\n<td colspan=\"1\" rowspan=\"1\">C\u1ea3m bi\u1ebfn ch\u00e2n kh\u00f4ng NCR S2 d\u00e0y 20mm PCB Assy 4450755149<\/td>\n<\/tr>\n<tr>\n<td colspan=\"1\" rowspan=\"1\">Usage<\/td>\n<td colspan=\"1\" rowspan=\"1\">NCR ATM Machine<\/td>\n<\/tr>\n<tr>\n<td colspan=\"1\" rowspan=\"1\">Inventory<\/td>\n<td colspan=\"1\" rowspan=\"1\">Large quantity in stock<\/td>\n<\/tr>\n<\/tbody>\n<\/table>","protected":false},"featured_media":94765,"template":"","meta":[],"product_brand":[],"product_cat":[391,392],"product_tag":[],"class_list":{"0":"post-94178","1":"product","2":"type-product","3":"status-publish","4":"has-post-thumbnail","6":"product_cat-linh-kien-atm","7":"product_cat-ncr-parts","9":"first","10":"instock","11":"taxable","12":"shipping-taxable","13":"product-type-simple"},"_links":{"self":[{"href":"https:\/\/impress.vn\/en\/wp-json\/wp\/v2\/product\/94178","targetHints":{"allow":["GET"]}}],"collection":[{"href":"https:\/\/impress.vn\/en\/wp-json\/wp\/v2\/product"}],"about":[{"href":"https:\/\/impress.vn\/en\/wp-json\/wp\/v2\/types\/product"}],"wp:featuredmedia":[{"embeddable":true,"href":"https:\/\/impress.vn\/en\/wp-json\/wp\/v2\/media\/94765"}],"wp:attachment":[{"href":"https:\/\/impress.vn\/en\/wp-json\/wp\/v2\/media?parent=94178"}],"wp:term":[{"taxonomy":"product_brand","embeddable":true,"href":"https:\/\/impress.vn\/en\/wp-json\/wp\/v2\/product_brand?post=94178"},{"taxonomy":"product_cat","embeddable":true,"href":"https:\/\/impress.vn\/en\/wp-json\/wp\/v2\/product_cat?post=94178"},{"taxonomy":"product_tag","embeddable":true,"href":"https:\/\/impress.vn\/en\/wp-json\/wp\/v2\/product_tag?post=94178"}],"curies":[{"name":"wp","href":"https:\/\/api.w.org\/{rel}","templated":true}]}}