{"id":94244,"date":"2025-07-25T17:07:51","date_gmt":"2025-07-25T10:07:51","guid":{"rendered":"https:\/\/impress.vn\/?post_type=product&#038;p=94244"},"modified":"2025-12-11T11:54:02","modified_gmt":"2025-12-11T04:54:02","slug":"phu-tung-may-atm-ncr-s2-bom-chan-khong-18t-banh-rang-trang","status":"publish","type":"product","link":"https:\/\/impress.vn\/en\/product\/phu-tung-may-atm-ncr-s2-bom-chan-khong-18t-banh-rang-trang\/","title":{"rendered":"Ph\u1ee5 t\u00f9ng m\u00e1y ATM NCR S2 B\u01a1m ch\u00e2n kh\u00f4ng 18T B\u00e1nh r\u0103ng tr\u1eafng"},"content":{"rendered":"<h1>Ph\u1ee5 t\u00f9ng m\u00e1y ATM NCR S2 B\u01a1m ch\u00e2n kh\u00f4ng 18T B\u00e1nh r\u0103ng tr\u1eafng<\/h1>\n<h2>NCR ATM Spare Parts S2 Vacuum Pump 18T White Gear<\/h2>\n<table border=\"1\" width=\"680\" cellspacing=\"0\" cellpadding=\"0\">\n<tbody>\n<tr>\n<td colspan=\"1\" rowspan=\"1\">Brand<\/td>\n<td colspan=\"1\" rowspan=\"1\">NCR<\/td>\n<\/tr>\n<tr>\n<td colspan=\"1\" rowspan=\"1\">\u00a0P\/N<\/td>\n<td colspan=\"1\" rowspan=\"1\">\/<\/td>\n<\/tr>\n<tr>\n<td colspan=\"1\" rowspan=\"1\">Description<\/td>\n<td colspan=\"1\" rowspan=\"1\">Ph\u1ee5 t\u00f9ng m\u00e1y ATM NCR S2 B\u01a1m ch\u00e2n kh\u00f4ng 18T B\u00e1nh r\u0103ng tr\u1eafng<\/td>\n<\/tr>\n<tr>\n<td colspan=\"1\" rowspan=\"1\">Usage<\/td>\n<td colspan=\"1\" rowspan=\"1\">NCR ATM Machine<\/td>\n<\/tr>\n<tr>\n<td colspan=\"1\" rowspan=\"1\">Inventory<\/td>\n<td colspan=\"1\" rowspan=\"1\">Large quantity in stock<\/td>\n<\/tr>\n<\/tbody>\n<\/table>","protected":false},"excerpt":{"rendered":"<table border=\"1\" width=\"680\" cellspacing=\"0\" cellpadding=\"0\">\n<tbody>\n<tr>\n<td colspan=\"1\" rowspan=\"1\">Brand<\/td>\n<td colspan=\"1\" rowspan=\"1\">NCR<\/td>\n<\/tr>\n<tr>\n<td colspan=\"1\" rowspan=\"1\">\u00a0P\/N<\/td>\n<td colspan=\"1\" rowspan=\"1\">\/<\/td>\n<\/tr>\n<tr>\n<td colspan=\"1\" rowspan=\"1\">Description<\/td>\n<td colspan=\"1\" rowspan=\"1\">Ph\u1ee5 t\u00f9ng m\u00e1y ATM NCR S2 B\u01a1m ch\u00e2n kh\u00f4ng 18T B\u00e1nh r\u0103ng tr\u1eafng<\/td>\n<\/tr>\n<tr>\n<td colspan=\"1\" rowspan=\"1\">Usage<\/td>\n<td colspan=\"1\" rowspan=\"1\">NCR ATM Machine<\/td>\n<\/tr>\n<tr>\n<td colspan=\"1\" rowspan=\"1\">Inventory<\/td>\n<td colspan=\"1\" rowspan=\"1\">Large quantity in stock<\/td>\n<\/tr>\n<\/tbody>\n<\/table>","protected":false},"featured_media":95109,"template":"","meta":[],"product_brand":[],"product_cat":[391,392],"product_tag":[],"class_list":{"0":"post-94244","1":"product","2":"type-product","3":"status-publish","4":"has-post-thumbnail","6":"product_cat-linh-kien-atm","7":"product_cat-ncr-parts","9":"first","10":"instock","11":"taxable","12":"shipping-taxable","13":"product-type-simple"},"_links":{"self":[{"href":"https:\/\/impress.vn\/en\/wp-json\/wp\/v2\/product\/94244","targetHints":{"allow":["GET"]}}],"collection":[{"href":"https:\/\/impress.vn\/en\/wp-json\/wp\/v2\/product"}],"about":[{"href":"https:\/\/impress.vn\/en\/wp-json\/wp\/v2\/types\/product"}],"wp:featuredmedia":[{"embeddable":true,"href":"https:\/\/impress.vn\/en\/wp-json\/wp\/v2\/media\/95109"}],"wp:attachment":[{"href":"https:\/\/impress.vn\/en\/wp-json\/wp\/v2\/media?parent=94244"}],"wp:term":[{"taxonomy":"product_brand","embeddable":true,"href":"https:\/\/impress.vn\/en\/wp-json\/wp\/v2\/product_brand?post=94244"},{"taxonomy":"product_cat","embeddable":true,"href":"https:\/\/impress.vn\/en\/wp-json\/wp\/v2\/product_cat?post=94244"},{"taxonomy":"product_tag","embeddable":true,"href":"https:\/\/impress.vn\/en\/wp-json\/wp\/v2\/product_tag?post=94244"}],"curies":[{"name":"wp","href":"https:\/\/api.w.org\/{rel}","templated":true}]}}